{"id":42,"date":"2025-12-16T13:35:53","date_gmt":"2025-12-16T12:35:53","guid":{"rendered":"https:\/\/conference27.waves.kit.edu\/?page_id=42"},"modified":"2025-12-17T12:32:45","modified_gmt":"2025-12-17T11:32:45","slug":"scientific-committee","status":"publish","type":"page","link":"https:\/\/conference27.waves.kit.edu\/?page_id=42","title":{"rendered":"Scientific Committee"},"content":{"rendered":"<p>The scientific committee consists of<\/p>\n<ul>\n<li><a href=\"https:\/\/perso.ensta-paris.fr\/~fliss\/\" target=\"_blank\" rel=\"noopener\">Sonia Fliss (Palaiseau)<\/a><\/li>\n<li><a href=\"https:\/\/perso.ensta-paris.fr\/~haddar\/\" target=\"_blank\" rel=\"noopener\">Houssem Haddar (Palaiseau)<\/a><\/li>\n<li><a href=\"https:\/\/www.uni-bielefeld.de\/fakultaeten\/mathematik\/ag\/herr\/\" target=\"_blank\" rel=\"noopener\">Sebastian Herr (Bielefeld)<\/a><\/li>\n<li><a href=\"https:\/\/www.professoren.tum.de\/lasser-caroline\" target=\"_blank\" rel=\"noopener\">Caroline Lasser (M\u00fcnchen)<\/a><\/li>\n<li><a href=\"https:\/\/www.uma.es\/departments\/teachers\/RGtBTGxXS0dCaW9qL0NTYkhUSkp6QT09\/?set_language=en\" target=\"_blank\" rel=\"noopener\">Mar\u00eda L\u00f3pez-Fern\u00e1ndez (M\u00e1laga)<\/a><\/li>\n<li><a href=\"https:\/\/sites.udel.edu\/monk\/\" target=\"_blank\" rel=\"noopener\">Peter Monk (Newark)<\/a><\/li>\n<li><a href=\"https:\/\/bjornsandstede.com\/\" target=\"_blank\" rel=\"noopener\">Bj\u00f6rn Sandstede (Providence)<\/a><\/li>\n<li><a href=\"https:\/\/gauss.math.yale.edu\/~ws442\/\" target=\"_blank\" rel=\"noopener\"> Wilhelm Schlag (New Haven)<\/a><\/li>\n<\/ul>\n","protected":false},"excerpt":{"rendered":"<p>The scientific committee consists of Sonia Fliss (Palaiseau) Houssem Haddar (Palaiseau) Sebastian Herr (Bielefeld) Caroline Lasser (M\u00fcnchen) Mar\u00eda L\u00f3pez-Fern\u00e1ndez (M\u00e1laga) Peter Monk (Newark) Bj\u00f6rn Sandstede (Providence) Wilhelm Schlag (New Haven)<\/p>\n","protected":false},"author":1,"featured_media":0,"parent":0,"menu_order":0,"comment_status":"closed","ping_status":"closed","template":"","meta":{"footnotes":""},"class_list":["post-42","page","type-page","status-publish","hentry"],"_links":{"self":[{"href":"https:\/\/conference27.waves.kit.edu\/index.php?rest_route=\/wp\/v2\/pages\/42","targetHints":{"allow":["GET"]}}],"collection":[{"href":"https:\/\/conference27.waves.kit.edu\/index.php?rest_route=\/wp\/v2\/pages"}],"about":[{"href":"https:\/\/conference27.waves.kit.edu\/index.php?rest_route=\/wp\/v2\/types\/page"}],"author":[{"embeddable":true,"href":"https:\/\/conference27.waves.kit.edu\/index.php?rest_route=\/wp\/v2\/users\/1"}],"replies":[{"embeddable":true,"href":"https:\/\/conference27.waves.kit.edu\/index.php?rest_route=%2Fwp%2Fv2%2Fcomments&post=42"}],"version-history":[{"count":9,"href":"https:\/\/conference27.waves.kit.edu\/index.php?rest_route=\/wp\/v2\/pages\/42\/revisions"}],"predecessor-version":[{"id":64,"href":"https:\/\/conference27.waves.kit.edu\/index.php?rest_route=\/wp\/v2\/pages\/42\/revisions\/64"}],"wp:attachment":[{"href":"https:\/\/conference27.waves.kit.edu\/index.php?rest_route=%2Fwp%2Fv2%2Fmedia&parent=42"}],"curies":[{"name":"wp","href":"https:\/\/api.w.org\/{rel}","templated":true}]}}