{"id":24,"date":"2025-12-16T13:31:26","date_gmt":"2025-12-16T12:31:26","guid":{"rendered":"https:\/\/conference27.waves.kit.edu\/?page_id=24"},"modified":"2025-12-16T13:31:26","modified_gmt":"2025-12-16T12:31:26","slug":"venue","status":"publish","type":"page","link":"https:\/\/conference27.waves.kit.edu\/?page_id=24","title":{"rendered":"Venue"},"content":{"rendered":"<p>Karlsruhe Institute of Technology<br \/>\nDepartment of Mathematics<br \/>\nEnglerstra\u00dfe 2<br \/>\n76131 Karlsruhe<\/p>\n<p>Registration, parallel sessions, coffee breaks and the conference dinner on Thursday evening all take place in <a href=\"https:\/\/www.kit.edu\/campusplan\/?id=20.30\">mathematics building 20.30<\/a> (<em>Kollegiengeb\u00e4ude Mathematik<\/em>) at KIT Campus South. All plenary talks take place in the Tulla Lecture Hall (<em>Johann-Gottfried-Tulla-H\u00f6rsaal<\/em>) in <a href=\"https:\/\/www.kit.edu\/campusplan\/?id=11.40\">building 11.40<\/a> (<em>Kollegiengeb\u00e4ude am Ehrenhof<\/em>). These buildings are only 200 meters away from each other.<\/p>\n<p>You can find directions to <strong>Campus South<\/strong> on this <a href=\"https:\/\/www.kit.edu\/kit\/english\/directions.php\"\">KIT webpage<\/a>.<\/p>\n<p>The next tram stop &#8220;Kronenplatz&#8221; is also in close walking distance. Local public transport is operated by the <a href=\"https:\/\/www.kvv.de\/en\/index.html\" target=\"_blank\">Karlsruher Verkehrsverbund (KVV)<\/a>. <\/p>\n<p><a href=\"https:\/\/conference25.waves.kit.edu\/wp-content\/uploads\/2025\/02\/campus-map.png\"><img loading=\"lazy\" decoding=\"async\" src=\"https:\/\/conference25.waves.kit.edu\/wp-content\/uploads\/2025\/02\/campus-map-1024x563.png\" alt=\"Campus plan of venue\" width=\"640\" height=\"352\" class=\"size-large wp-image-474\" \/><br \/>Click to view in full size<\/a><\/p>\n","protected":false},"excerpt":{"rendered":"<p>Karlsruhe Institute of Technology Department of Mathematics Englerstra\u00dfe 2 76131 Karlsruhe Registration, parallel sessions, coffee breaks and the conference dinner on Thursday evening all take place in mathematics building 20.30 (Kollegiengeb\u00e4ude Mathematik) at KIT Campus South. All plenary talks take place in the Tulla Lecture Hall (Johann-Gottfried-Tulla-H\u00f6rsaal) in building 11.40 (Kollegiengeb\u00e4ude am Ehrenhof). These buildings [&hellip;]<\/p>\n","protected":false},"author":1,"featured_media":0,"parent":8,"menu_order":0,"comment_status":"closed","ping_status":"closed","template":"","meta":{"footnotes":""},"class_list":["post-24","page","type-page","status-publish","hentry"],"_links":{"self":[{"href":"https:\/\/conference27.waves.kit.edu\/index.php?rest_route=\/wp\/v2\/pages\/24","targetHints":{"allow":["GET"]}}],"collection":[{"href":"https:\/\/conference27.waves.kit.edu\/index.php?rest_route=\/wp\/v2\/pages"}],"about":[{"href":"https:\/\/conference27.waves.kit.edu\/index.php?rest_route=\/wp\/v2\/types\/page"}],"author":[{"embeddable":true,"href":"https:\/\/conference27.waves.kit.edu\/index.php?rest_route=\/wp\/v2\/users\/1"}],"replies":[{"embeddable":true,"href":"https:\/\/conference27.waves.kit.edu\/index.php?rest_route=%2Fwp%2Fv2%2Fcomments&post=24"}],"version-history":[{"count":1,"href":"https:\/\/conference27.waves.kit.edu\/index.php?rest_route=\/wp\/v2\/pages\/24\/revisions"}],"predecessor-version":[{"id":25,"href":"https:\/\/conference27.waves.kit.edu\/index.php?rest_route=\/wp\/v2\/pages\/24\/revisions\/25"}],"up":[{"embeddable":true,"href":"https:\/\/conference27.waves.kit.edu\/index.php?rest_route=\/wp\/v2\/pages\/8"}],"wp:attachment":[{"href":"https:\/\/conference27.waves.kit.edu\/index.php?rest_route=%2Fwp%2Fv2%2Fmedia&parent=24"}],"curies":[{"name":"wp","href":"https:\/\/api.w.org\/{rel}","templated":true}]}}